{"id":10351,"date":"2024-11-04T15:05:50","date_gmt":"2024-11-04T13:05:50","guid":{"rendered":"https:\/\/bcsiauliai.lt\/?post_type=product&#038;p=10351"},"modified":"2026-01-13T16:36:15","modified_gmt":"2026-01-13T14:36:15","slug":"komandos-polo-marskineliai","status":"publish","type":"product","link":"https:\/\/bcsiauliai.lt\/en\/produktas\/komandos-polo-marskineliai\/","title":{"rendered":"Komandos POLO mar\u0161kin\u0117liai"},"content":{"rendered":"<p>[et_pb_section fb_built=&#8221;1&#8243; _builder_version=&#8221;4.16&#8243; custom_padding=&#8221;0px||||false|false&#8221; global_colors_info=&#8221;{}&#8221;][et_pb_row _builder_version=&#8221;4.16&#8243; background_size=&#8221;initial&#8221; background_position=&#8221;top_left&#8221; background_repeat=&#8221;repeat&#8221; width=&#8221;100%&#8221; custom_padding=&#8221;0px||0px||false|false&#8221; global_module=&#8221;6544&#8243; global_colors_info=&#8221;{}&#8221;][et_pb_column type=&#8221;4_4&#8243; _builder_version=&#8221;4.16&#8243; custom_padding=&#8221;|||&#8221; global_colors_info=&#8221;{}&#8221; custom_padding__hover=&#8221;|||&#8221;][et_pb_wc_breadcrumb _builder_version=&#8221;4.16&#8243; global_colors_info=&#8221;{}&#8221;][\/et_pb_wc_breadcrumb][et_pb_wc_cart_notice _builder_version=&#8221;4.16&#8243; global_colors_info=&#8221;{}&#8221;][\/et_pb_wc_cart_notice][\/et_pb_column][\/et_pb_row][et_pb_row column_structure=&#8221;1_2,1_2&#8243; _builder_version=&#8221;4.16&#8243; background_size=&#8221;initial&#8221; background_position=&#8221;top_left&#8221; background_repeat=&#8221;repeat&#8221; width=&#8221;100%&#8221; custom_padding=&#8221;0px||||false|false&#8221; global_colors_info=&#8221;{}&#8221;][et_pb_column type=&#8221;1_2&#8243; _builder_version=&#8221;4.16&#8243; custom_padding=&#8221;|||&#8221; global_colors_info=&#8221;{}&#8221; custom_padding__hover=&#8221;|||&#8221;][et_pb_wc_images sale_badge_color=&#8221;#F7A318&#8243; _builder_version=&#8221;4.23.4&#8243; sale_badge_text_color=&#8221;#000000&#8243; global_module=&#8221;6545&#8243; global_colors_info=&#8221;{}&#8221;][\/et_pb_wc_images][\/et_pb_column][et_pb_column type=&#8221;1_2&#8243; _builder_version=&#8221;4.16&#8243; custom_padding=&#8221;|||&#8221; global_colors_info=&#8221;{}&#8221; custom_padding__hover=&#8221;|||&#8221;][et_pb_wc_title _builder_version=&#8221;4.23.3&#8243; custom_margin=&#8221;||20px||false|false&#8221; custom_padding=&#8221;||0px||false|false&#8221; global_module=&#8221;6547&#8243; global_colors_info=&#8221;{}&#8221;][\/et_pb_wc_title][et_pb_wc_meta _builder_version=&#8221;4.23.3&#8243; custom_padding=&#8221;7px||7px||true|false&#8221; border_width_top=&#8221;1px&#8221; border_color_top=&#8221;#F7A318&#8243; border_width_bottom=&#8221;1px&#8221; border_color_bottom=&#8221;#F7A318&#8243; global_module=&#8221;6548&#8243; global_colors_info=&#8221;{}&#8221;][\/et_pb_wc_meta][et_pb_wc_price _builder_version=&#8221;4.16&#8243; global_module=&#8221;6549&#8243; global_colors_info=&#8221;{}&#8221;][\/et_pb_wc_price][et_pb_wc_additional_info show_title=&#8221;off&#8221; _builder_version=&#8221;4.24.0&#8243; _module_preset=&#8221;default&#8221; table_background_color=&#8221;#FFFFFF&#8221; table_custom_margin=&#8221;||0px||false|false&#8221; table_row_background_color=&#8221;#FFFFFF&#8221; table_row_custom_padding=&#8221;10px||10px||true|false&#8221; table_cell_background_color=&#8221;#FFFFFF&#8221; custom_margin=&#8221;||||false|false&#8221; custom_padding=&#8221;||0px||false|false&#8221; border_width_bottom=&#8221;1px&#8221; border_color_bottom=&#8221;#F7A318&#8243; border_width_all_table_row=&#8221;0px&#8221; border_color_all_table_row=&#8221;#F7A318&#8243; border_style_all_table_row=&#8221;solid&#8221; border_width_top_table_row=&#8221;1px&#8221; global_module=&#8221;7077&#8243; saved_tabs=&#8221;all&#8221; global_colors_info=&#8221;{}&#8221;][\/et_pb_wc_additional_info][et_pb_wc_add_to_cart _builder_version=&#8221;4.23.3&#8243; fields_background_color=&#8221;#FFFFFF&#8221; fields_text_color=&#8221;#000000&#8243; fields_focus_background_color=&#8221;#ededed&#8221; fields_focus_text_color=&#8221;#000000&#8243; fields_custom_padding=&#8221;|20px||20px|true|true&#8221; custom_button=&#8221;on&#8221; button_text_size=&#8221;12px&#8221; button_text_color=&#8221;#000000&#8243; button_border_width=&#8221;1px&#8221; button_border_radius=&#8221;0px&#8221; button_letter_spacing=&#8221;5px&#8221; button_font=&#8221;Oswald|500||on|||||&#8221; button_icon=&#8221;&#x35;||divi||400&#8243; button_icon_color=&#8221;#000000&#8243; button_on_hover=&#8221;off&#8221; button_custom_margin=&#8221;||||true|false&#8221; button_custom_padding=&#8221;18px|34px|18px|34px|true|true&#8221; border_radii_fields=&#8221;on|0px|0px|0px|0px&#8221; border_width_all_fields=&#8221;1px&#8221; border_color_all_fields=&#8221;#000000&#8243; global_module=&#8221;6550&#8243; global_colors_info=&#8221;{}&#8221; button_text_color__hover_enabled=&#8221;on|hover&#8221; button_text_color__hover=&#8221;#F7A318&#8243; button_border_color__hover_enabled=&#8221;on|hover&#8221; button_border_color__hover=&#8221;#F7A318&#8243;][\/et_pb_wc_add_to_cart][et_pb_wc_description _builder_version=&#8221;4.23.3&#8243; custom_padding=&#8221;20px||20px||true|false&#8221; border_width_top=&#8221;1px&#8221; border_color_top=&#8221;#F7A318&#8243; border_width_bottom=&#8221;1px&#8221; border_color_bottom=&#8221;#F7A318&#8243; global_module=&#8221;6553&#8243; saved_tabs=&#8221;all&#8221; global_colors_info=&#8221;{}&#8221;][\/et_pb_wc_description][\/et_pb_column][\/et_pb_row][et_pb_row _builder_version=&#8221;4.16&#8243; background_size=&#8221;initial&#8221; background_position=&#8221;top_left&#8221; background_repeat=&#8221;repeat&#8221; width=&#8221;100%&#8221; global_module=&#8221;6556&#8243; saved_tabs=&#8221;all&#8221; global_colors_info=&#8221;{}&#8221;][et_pb_column type=&#8221;4_4&#8243; _builder_version=&#8221;4.16&#8243; custom_padding=&#8221;|||&#8221; global_colors_info=&#8221;{}&#8221; custom_padding__hover=&#8221;|||&#8221;][et_pb_wc_related_products posts_number=&#8221;4&#8243; columns_number=&#8221;4&#8243; show_rating=&#8221;off&#8221; _builder_version=&#8221;4.23.4&#8243; product_title_font_size=&#8221;16px&#8221; product_title_line_height=&#8221;1.3em&#8221; price_text_color=&#8221;#F7A318&#8243; global_colors_info=&#8221;{}&#8221;][\/et_pb_wc_related_products][\/et_pb_column][\/et_pb_row][\/et_pb_section]<\/p>\n","protected":false},"excerpt":{"rendered":"<p>\u201e\u0160iauli\u0173\u201c krep\u0161inio klubo POLO mar\u0161kin\u0117liai.<\/p>\n","protected":false},"featured_media":10269,"template":"","meta":{"_et_pb_use_builder":"on","_et_pb_old_content":"","_et_gb_content_width":""},"product_brand":[],"product_cat":[47],"product_tag":[],"class_list":{"0":"post-10351","1":"product","2":"type-product","3":"status-publish","4":"has-post-thumbnail","6":"product_cat-marskineliai","8":"first","9":"instock","10":"taxable","11":"shipping-taxable","12":"purchasable","13":"product-type-variable"},"_links":{"self":[{"href":"https:\/\/bcsiauliai.lt\/en\/wp-json\/wp\/v2\/product\/10351","targetHints":{"allow":["GET"]}}],"collection":[{"href":"https:\/\/bcsiauliai.lt\/en\/wp-json\/wp\/v2\/product"}],"about":[{"href":"https:\/\/bcsiauliai.lt\/en\/wp-json\/wp\/v2\/types\/product"}],"wp:featuredmedia":[{"embeddable":true,"href":"https:\/\/bcsiauliai.lt\/en\/wp-json\/wp\/v2\/media\/10269"}],"wp:attachment":[{"href":"https:\/\/bcsiauliai.lt\/en\/wp-json\/wp\/v2\/media?parent=10351"}],"wp:term":[{"taxonomy":"product_brand","embeddable":true,"href":"https:\/\/bcsiauliai.lt\/en\/wp-json\/wp\/v2\/product_brand?post=10351"},{"taxonomy":"product_cat","embeddable":true,"href":"https:\/\/bcsiauliai.lt\/en\/wp-json\/wp\/v2\/product_cat?post=10351"},{"taxonomy":"product_tag","embeddable":true,"href":"https:\/\/bcsiauliai.lt\/en\/wp-json\/wp\/v2\/product_tag?post=10351"}],"curies":[{"name":"wp","href":"https:\/\/api.w.org\/{rel}","templated":true}]}}